{"id":374,"date":"2018-11-27T16:19:03","date_gmt":"2018-11-27T14:19:03","guid":{"rendered":"https:\/\/www.autosert.ee\/tacho\/?page_id=374"},"modified":"2018-11-28T10:49:15","modified_gmt":"2018-11-28T08:49:15","slug":"kasutustingimused","status":"publish","type":"page","link":"https:\/\/www2.autosert.ee\/tacho\/kasutustingimused\/","title":{"rendered":"Kasutustingimused"},"content":{"rendered":"<p><strong>KASUTUSTINGIMUSED<\/strong><\/p>\n<p>Terminites kasutatud m\u00f5isted:<\/p>\n<p><strong>Kaart \u2013 <\/strong>digitaalse kontrollseadme (digitaalse tahhograafi) kaart juhi t\u00f6\u00f6- ja puhkeaja salvestamiseks (ettev\u00f5tte digitaalse tahhograafi kaart v\u00f5i juhi digitaalse tahhograafi kaart);<\/p>\n<p><strong>Konto \u2013 <\/strong>kasutajakonto ettev\u00f5tte veebilehel, kus teenus on kasutajale k\u00e4ttesaadav;<\/p>\n<p><strong>Kasutaja \u2013 <\/strong>juriidiline isik (ettev\u00f5tte digitaalse tahhograafi kaardi omanik) v\u00f5i eraisik (juhi digitaalse tahhograafi kaardi omanik), kes on s\u00f5lminud ettev\u00f5ttega teenuse osutamise lepingu;<\/p>\n<p><strong>Leping \u2013 <\/strong>k\u00e4esolevad kasutustingimused, mis kujutavad endast ettev\u00f5tte ja kasutaja vahelist kokkulepet;<\/p>\n<p><strong>Teenus \u2013 <\/strong>kaardil hoiustatava teabe \u00fcles laadimine ja t\u00f6\u00f6tlemine ning muud ettev\u00f5tte pakutavad teenused;<\/p>\n<p><strong>Ettev\u00f5te &#8211;<\/strong>Ametikoolitus O\u00dc,\u00a0Aida 5-205, P\u00e4rnu 80010, Eesti<\/p>\n<ol>\n<li><strong>Lepingu ese<\/strong><\/li>\n<\/ol>\n<p>Ettev\u00f5te osutab kasutajale lepingu tingimuste alusel tasu eest teenust.Teenus on k\u00e4ttesaadav internetis ning on seotud kasutaja kaardi andmete kogumise, t\u00f6\u00f6tlemise, s\u00e4ilitamise ja anal\u00fc\u00fcsiga ning selle alusel aruannete koostamisega.<\/p>\n<p>1.2. Enne teenuse kasutamise alustamist peab kasutaja registreerima end ettev\u00f5tte kodulehel, kus luuakse konto.Registreerimise k\u00e4igus peab kasutaja esitama oma andmed.Konto on kaitstud kasutajanime ja salas\u00f5naga, mida kasutaja ei tohi kolmandatele isikutele avaldada.<\/p>\n<p>1.3. Oma kontole v\u00f5ib kasutaja \u00fcles laadida kaardi andmed ettev\u00f5tte kindlaksm\u00e4\u00e4ratud formaadis ning saada vastavaid aruandeid kaardil s\u00e4ilitatud ja s\u00fcsteemi \u00fcles laaditud andmete kohta.<\/p>\n<ol start=\"2\">\n<li><strong>Maksekord<\/strong><\/li>\n<\/ol>\n<p>2.1. Teenusetasu on toodud ettev\u00f5tte kodulehel.Kasutaja maksab teenuse eest \u00fchega kodulehel pakutavatest sularahavabadest makseviisidest.<\/p>\n<p>2.2. Kui kasutaja on juhi digitaalse tahhograafi kaardi omanik, kohustub kasutaja tegema ettemakse v\u00e4hemalt 30 kalendrip\u00e4eva eest.P\u00e4rast makse sooritamist saab kasutaja andmeid \u00fcles laadida ja aruandeid saada.Kui kasutaja on ettev\u00f5tte digitaalse tahhograafi kaardi omanik, maksab kasutaja teenuse eest selle saamisel ning makse arvestatakse iga kalendrikuu eest eraisikute (juhtide) arvu p\u00f5hjal, kelle andmed on vastavas kalendrikuus seoses selle kasutajaga \u00fcles laaditud.<\/p>\n<p>2.3. Kui kasutaja registreeris oma kontole maksekaardi, on ettev\u00f5ttel \u00f5igus v\u00f5tta maha tasu maksekaardilt summas, mille kasutaja ettev\u00f5ttele v\u00f5lgneb.<\/p>\n<p>2.4. Juhul, kui maksmine toimub teenuse osutamise j\u00e4rgselt, saadab ettev\u00f5te kasutaja antud e-posti aadressile elektrooniliselt koostatud arve.Elektrooniliselt koostatud arve (ilma allkirjata) on makse sooritamiseks piisav.Kasutaja kohustub maksma arvel n\u00e4idatud summa hiljemalt 10 p\u00e4eva jooksul p\u00e4rast arve esitamise kuup\u00e4eva.<\/p>\n<p>2.5. Teenusetasu on toodud kodulehel ja ettev\u00f5ttel on \u00f5igus teenusetasu eelnevalt ette teatamata muuta.Muudatused j\u00f5ustuvad nende kodulehele postitamise hetkest.<\/p>\n<p>2.6. K\u00f5ik maksed loetakse sooritatud hetkest, mil need saabuvad ettev\u00f5tte jooksevkontole krediidiasutuses.<\/p>\n<p>2.7. Kui kasutaja ei maksa etten\u00e4htud t\u00e4htajaks ja n\u00e4idatud summas teenusetasu, on ettev\u00f5ttel \u00f5igus peatada kasutajale teenuse osutamine \u00fchepoolselt ja ilma etteteatamiseta, sealhulgas kasutaja konto blokeerimine.<\/p>\n<p>2.8. Kui kasutaja ei maksa etten\u00e4htud t\u00e4htajaks ja n\u00e4idatud summas teenusetasu, n\u00f5uab ettev\u00f5te viivist summas 0,1% arve kogusummast iga t\u00e4htaja \u00fcletanud p\u00e4eva eest kuni k\u00f5igi kohustuste t\u00e4itmiseni.Viivise maksmine ei vabasta kasutajat oma seaduslike kohustuste t\u00e4itmisest.<\/p>\n<ol start=\"3\">\n<li><strong>Poolte kohustused<\/strong><\/li>\n<\/ol>\n<p>3.1. Ettev\u00f5ttel on \u00f5igus teenust, kontot v\u00f5i kodulehte \u00fcle vaadata, muuta, parandada, l\u00fchikeseks ajaks peatada.<\/p>\n<p>3.2. Kasutajat on teavitatud ja ta on n\u00f5us, et k\u00f5ik temale m\u00e4\u00e4ratud kasutajanime ja salas\u00f5naga kodulehel tehtud toimingud on kasutaja jaoks siduvad ja kasutaja kohustub neid t\u00e4itma.<\/p>\n<p>3.3. Teenust osutatakse informatiivsel eesm\u00e4rgil, seega ei vastuta ettev\u00f5te mingite kahjude eest, mida kantakse v\u00f5i v\u00f5idakse kanda osutatud teenuse tulemusel, sealhulgas v\u00f5imalike ebat\u00e4psuste ega vigade eest.<\/p>\n<p>3.4. Teenus sisaldab tehnilisi lahendusi ja seet\u00f5ttu v\u00f5ib teenuse k\u00e4ttesaadavus m\u00f5nikord katkeda.<\/p>\n<p>3.5. Lepingu p\u00f5hjal antakse kasutajale k\u00e4esolevaga mitteeksklusiivne ja tagasiv\u00f5etav litsents tarkvara kasutamiseks.Kasutaja ja muud isikud ei v\u00f5i kasutada tarkvara \u00fchelgi muul viisil, v\u00e4lja arvatud lepingus s\u00e4testatud viisil, ilma ettev\u00f5tte kirjaliku n\u00f5usolekuta.<\/p>\n<p>3.6. Ettev\u00f5ttel on \u00f5igus piirata \u00fchepoolselt kasutaja andmete s\u00e4ilitamist ettev\u00f5tte s\u00fcsteemis.<\/p>\n<p>3.7. K\u00f5ik intellektuaalomandi\u00f5igused (sealhulgas, ent mitte ainult, autori\u00f5igused, kujundus, kaubam\u00e4rgid jms) seoses teenusega, tarkvaraga, ettev\u00f5tte kodulehega ja sellel toodud infoga kuuluvad ainu\u00fcksi ettev\u00f5ttele.Nende \u00f5iguste rikkumise korral v\u00f5idakse s\u00fc\u00fcdlane v\u00f5tta vastutusele seadusega s\u00e4testatud korras ning ta kannab t\u00e4it vastutust k\u00f5igi kahjude eest, mis ettev\u00f5te ja\/v\u00f5i kolmandad osapooled v\u00f5isid kanda.Kontol sisalduvad kasutaja andmed kuuluvad kasutajale.<\/p>\n<p>3.8. Kui kasutajal on teenuse kvaliteedi kohta pretensioone, tuleb ettev\u00f5ttele esitada vastav avaldus, mis sisaldab kasutaja isikut tuvastavat teavet ja teavet avalduse aluse kohta.Avaldus tuleb saata ettev\u00f5tte ametlikule aadressile v\u00f5i elektrooniliselt e-posti aadressile tacho@autosert.ee.<\/p>\n<p>3.9. Ettev\u00f5te avaldab isikuandmete t\u00f6\u00f6tlemise ja kaitsega seotud dokumendid (n\u00e4iteks privaatsuspoliitika, andmet\u00f6\u00f6tlusleping jms) oma kodulehel.<\/p>\n<ol start=\"4\">\n<li><strong>L\u00f5pps\u00e4tted<\/strong><\/li>\n<\/ol>\n<p>4.1. Ettev\u00f5ttel on \u00f5igus lepingut \u00fchepoolselt igal ajal muuta ja\/v\u00f5i parandada.<\/p>\n<p>4.2. Ettev\u00f5ttel ja kasutajal on m\u00f5lemal \u00f5igus leping \u00fchepoolselt l\u00f5petada, teatades teisele poolele sellest kirjalikult 30 p\u00e4eva ette.Kui kasutaja ei t\u00e4ida oma kohustusi ettev\u00f5tte ees v\u00f5i t\u00e4idab neid ebakohaselt, on ettev\u00f5ttel \u00f5igus leping \u00fchepoolselt l\u00f5petada 5-p\u00e4evase etteteatamisega.Kasutaja kohustub tasuma k\u00f5ik oma v\u00f5lgnevused ettev\u00f5ttele hiljemalt lepingu l\u00f5ppemise p\u00e4eval.<\/p>\n<p>4.3. Ettev\u00f5ttel on \u00f5igus v\u00f5\u00f5randada leping ja\/v\u00f5i sellest tulenevad kohustused \u00fchepoolselt ja omal \u00e4ran\u00e4gemisel mistahes kolmandale osapoolele.<\/p>\n<p>4.4. Teenuse kasutamiseks avalduse esitamine v\u00f5i selle kasutamine loetakse kasutaja n\u00f5ustumiseks nende tingimustega (leping).Kui kasutaja on ettev\u00f5tte digitaalse tahhograafi kaardi omanik, kinnitab lepingu koosk\u00f5lastanud isik, et tal on k\u00f5ik \u00f5igused oma ettev\u00f5tte nimel lepingus s\u00e4testatud kohustused aktsepteerida.<\/p>\n<p>4.5. K\u00f5ik lepingust t\u00f5usetuvad vaidlused v\u00f5i n\u00f5uded (sealhulgas lepinguv\u00e4lised vaidlused v\u00f5i n\u00f5uded) lahendatakse Eesti Vabariigi kohtus Eesti Vabariigi seaduste alusel.<\/p>\n","protected":false},"excerpt":{"rendered":"<p>KASUTUSTINGIMUSED Terminites kasutatud m\u00f5isted: Kaart \u2013 digitaalse kontrollseadme (digitaalse tahhograafi) kaart juhi t\u00f6\u00f6- ja puhkeaja salvestamiseks (ettev\u00f5tte digitaalse tahhograafi kaart v\u00f5i juhi digitaalse tahhograafi kaart); Konto \u2013 kasutajakonto ettev\u00f5tte veebilehel, kus teenus on kasutajale k\u00e4ttesaadav; Kasutaja \u2013 juriidiline isik (ettev\u00f5tte digitaalse tahhograafi kaardi omanik) v\u00f5i eraisik (juhi digitaalse tahhograafi kaardi omanik), kes on s\u00f5lminud ettev\u00f5ttega [&hellip;]<\/p>\n","protected":false},"author":1,"featured_media":0,"parent":0,"menu_order":0,"comment_status":"closed","ping_status":"closed","template":"","meta":{"_exactmetrics_skip_tracking":false,"_exactmetrics_sitenote_active":false,"_exactmetrics_sitenote_note":"","_exactmetrics_sitenote_category":0,"footnotes":""},"class_list":["post-374","page","type-page","status-publish","hentry"],"_links":{"self":[{"href":"https:\/\/www2.autosert.ee\/tacho\/wp-json\/wp\/v2\/pages\/374","targetHints":{"allow":["GET"]}}],"collection":[{"href":"https:\/\/www2.autosert.ee\/tacho\/wp-json\/wp\/v2\/pages"}],"about":[{"href":"https:\/\/www2.autosert.ee\/tacho\/wp-json\/wp\/v2\/types\/page"}],"author":[{"embeddable":true,"href":"https:\/\/www2.autosert.ee\/tacho\/wp-json\/wp\/v2\/users\/1"}],"replies":[{"embeddable":true,"href":"https:\/\/www2.autosert.ee\/tacho\/wp-json\/wp\/v2\/comments?post=374"}],"version-history":[{"count":2,"href":"https:\/\/www2.autosert.ee\/tacho\/wp-json\/wp\/v2\/pages\/374\/revisions"}],"predecessor-version":[{"id":585,"href":"https:\/\/www2.autosert.ee\/tacho\/wp-json\/wp\/v2\/pages\/374\/revisions\/585"}],"wp:attachment":[{"href":"https:\/\/www2.autosert.ee\/tacho\/wp-json\/wp\/v2\/media?parent=374"}],"curies":[{"name":"wp","href":"https:\/\/api.w.org\/{rel}","templated":true}]}}